{"id":1039,"date":"2024-02-20T00:03:01","date_gmt":"2024-02-20T06:03:01","guid":{"rendered":"https:\/\/lacasadelackee.com\/?post_type=product&#038;p=1039"},"modified":"2024-09-17T07:51:04","modified_gmt":"2024-09-17T13:51:04","slug":"banapica","status":"publish","type":"product","link":"https:\/\/lacasadelackee.com\/en\/product\/banapica\/","title":{"rendered":"Banapica (Spicy Green Banana Sauce)"},"content":{"rendered":"<p>Fusion of two very Caribbean products (green banana and Panamanian chili (Scotch Bonnet)).<\/p>\n<p>Green bananas provide us with a large amount of fiber that improves digestion, combats constipation, reduces high cholesterol, delays the absorption of sugar, but above all helps us with vascular health due to the contribution of potassium.<\/p>\n<p>On the other hand, we have the capsaicin provided by chili, which benefits us due to its analgesic, anti-cancer, anti-inflammatory, antioxidant effects, as well as cardiovascular and intestinal benefits.<\/p>\n<p>All of these benefits are further enhanced by the other ingredients that this wonderful hot sauce contains, such as: turmeric, black pepper, cinnamon, ginger, cloves and banana vinegar, in addition to onion.<\/p>\n<p>Spicy sauce with a very good gourmet flavor that enhances the flavor of foods.<\/p>\n<p>It is one hundred percent natural.<\/p>","protected":false},"excerpt":{"rendered":"<p>Fusi\u00f3n de dos productos muy caribe\u00f1os( banano verde y chile paname\u00f1o). El banano verde nos aporta gran cantidad de fibra que mejora la digesti\u00f3n, combate el estre\u00f1imiento, disminuye el colesterol alto, retrasa la absorci\u00f3n de az\u00facar, pero sobretodo nos ayuda en la salud vascular por el aporte de potasio. Por otro lado tenemos la capsaicina [&hellip;]<\/p>","protected":false},"featured_media":2195,"template":"","meta":{"slim_seo":{"title":"Banapica (salsa picante de banano verde) - La Casa del Ackee","description":"Fusi\u00f3n de dos productos muy caribe\u00f1os( banano verde y chile paname\u00f1o). El banano verde nos aporta gran cantidad de fibra que mejora la digesti\u00f3n, combate el est"}},"product_brand":[],"product_cat":[15],"product_tag":[],"class_list":{"0":"post-1039","1":"product","2":"type-product","3":"status-publish","4":"has-post-thumbnail","6":"product_cat-productos","8":"first","9":"instock","10":"shipping-taxable","11":"product-type-simple"},"_links":{"self":[{"href":"https:\/\/lacasadelackee.com\/en\/wp-json\/wp\/v2\/product\/1039","targetHints":{"allow":["GET"]}}],"collection":[{"href":"https:\/\/lacasadelackee.com\/en\/wp-json\/wp\/v2\/product"}],"about":[{"href":"https:\/\/lacasadelackee.com\/en\/wp-json\/wp\/v2\/types\/product"}],"version-history":[{"count":3,"href":"https:\/\/lacasadelackee.com\/en\/wp-json\/wp\/v2\/product\/1039\/revisions"}],"predecessor-version":[{"id":2274,"href":"https:\/\/lacasadelackee.com\/en\/wp-json\/wp\/v2\/product\/1039\/revisions\/2274"}],"wp:featuredmedia":[{"embeddable":true,"href":"https:\/\/lacasadelackee.com\/en\/wp-json\/wp\/v2\/media\/2195"}],"wp:attachment":[{"href":"https:\/\/lacasadelackee.com\/en\/wp-json\/wp\/v2\/media?parent=1039"}],"wp:term":[{"taxonomy":"product_brand","embeddable":true,"href":"https:\/\/lacasadelackee.com\/en\/wp-json\/wp\/v2\/product_brand?post=1039"},{"taxonomy":"product_cat","embeddable":true,"href":"https:\/\/lacasadelackee.com\/en\/wp-json\/wp\/v2\/product_cat?post=1039"},{"taxonomy":"product_tag","embeddable":true,"href":"https:\/\/lacasadelackee.com\/en\/wp-json\/wp\/v2\/product_tag?post=1039"}],"curies":[{"name":"wp","href":"https:\/\/api.w.org\/{rel}","templated":true}]}}