{"id":1040,"date":"2024-02-20T00:09:11","date_gmt":"2024-02-20T06:09:11","guid":{"rendered":"https:\/\/lacasadelackee.com\/?post_type=product&#038;p=1040"},"modified":"2024-02-26T02:30:32","modified_gmt":"2024-02-26T08:30:32","slug":"chilera-tipica-costarricense","status":"publish","type":"product","link":"https:\/\/lacasadelackee.com\/en\/product\/chilera-tipica-costarricense\/","title":{"rendered":"Limonense Typical Chilera"},"content":{"rendered":"<p>This chilera with an excellent flavor is a remembrance of the fusion of Caribbean culture with Costa Rican culture. <\/p>\n<p>A type of pickle where banana vinegar, Panamanian chili and some vegetables with high nutritional value are intertwined, plus the addition of an aromatic herb with multiple benefits (clove).<\/p>\n<p>Banana vinegar is an important source of minerals such as potassium and magnesium, essential elements for cardiovascular health, and also provides acetic acid that helps control blood sugar. <\/p>\n<p>The benefits of capsaicin are many, including being an antioxidant and yantocamcerogen. <\/p>\n<p>The onion also provides us with antioxidant, anti-diabetic and antiseptic capacity, it provides vitamin A, B6, C and E, as well as cholic acid. <\/p>\n<p>Cucumber helps fight fatigue and stress, stimulates the immune system. <\/p>\n<p>Vitamin A that helps us improve vision in addition to invigorating tired minds and bodies are the important contributions of carrots. <\/p>\n<p>Finally we have cauliflower which plays an important role in keeping us hydrated, and its importance in regards to sleep, memory, and muscle movements.<\/p>\n<p>This chilera is one hundred percent natural, free of preservatives and artificial colors, artisanal, very nutritious and with an extraordinary exotic flavor.<\/p>","protected":false},"excerpt":{"rendered":"<p>Esta chilera de excalente sabor, es una remembranza de la fusi\u00f3n de la cultura caribe\u00f1a con la costarricense. Especie de encurtido donde se entrelazan vinagre de banano, chile paname\u00f1o y algunas hortalizas y verduras de alto valor nutritivo ,m\u00e1s la adici\u00f3n de una hierba arom\u00e1tica de m\u00faltiples beneficios( clavo de olor). El vinagre de banano [&hellip;]<\/p>","protected":false},"featured_media":2196,"template":"","meta":{"slim_seo":[]},"product_cat":[15],"product_tag":[],"class_list":{"0":"post-1040","1":"product","2":"type-product","3":"status-publish","4":"has-post-thumbnail","6":"product_cat-productos","8":"first","9":"instock","10":"shipping-taxable","11":"product-type-simple"},"_links":{"self":[{"href":"https:\/\/lacasadelackee.com\/en\/wp-json\/wp\/v2\/product\/1040","targetHints":{"allow":["GET"]}}],"collection":[{"href":"https:\/\/lacasadelackee.com\/en\/wp-json\/wp\/v2\/product"}],"about":[{"href":"https:\/\/lacasadelackee.com\/en\/wp-json\/wp\/v2\/types\/product"}],"version-history":[{"count":4,"href":"https:\/\/lacasadelackee.com\/en\/wp-json\/wp\/v2\/product\/1040\/revisions"}],"predecessor-version":[{"id":2400,"href":"https:\/\/lacasadelackee.com\/en\/wp-json\/wp\/v2\/product\/1040\/revisions\/2400"}],"wp:featuredmedia":[{"embeddable":true,"href":"https:\/\/lacasadelackee.com\/en\/wp-json\/wp\/v2\/media\/2196"}],"wp:attachment":[{"href":"https:\/\/lacasadelackee.com\/en\/wp-json\/wp\/v2\/media?parent=1040"}],"wp:term":[{"taxonomy":"product_cat","embeddable":true,"href":"https:\/\/lacasadelackee.com\/en\/wp-json\/wp\/v2\/product_cat?post=1040"},{"taxonomy":"product_tag","embeddable":true,"href":"https:\/\/lacasadelackee.com\/en\/wp-json\/wp\/v2\/product_tag?post=1040"}],"curies":[{"name":"wp","href":"https:\/\/api.w.org\/{rel}","templated":true}]}}