{"id":1075,"date":"2024-02-20T00:10:51","date_gmt":"2024-02-20T06:10:51","guid":{"rendered":"https:\/\/lacasadelackee.com\/?post_type=product&#038;p=1075"},"modified":"2024-02-20T16:55:14","modified_gmt":"2024-02-20T22:55:14","slug":"aceite-de-coco-prensado-en-frio","status":"publish","type":"product","link":"https:\/\/lacasadelackee.com\/en\/product\/aceite-de-coco-prensado-en-frio\/","title":{"rendered":"Cold Pressed Coconut Oil"},"content":{"rendered":"<p>Coconut oil produced using the known cold-pressed methodology, where the fresh coconut used is subjected to a process where there are no changes in natural temperature nor is there the use of chemical products, this allows us to preserve its nutrients practically intact. and keep its properties intact.<\/p>\n<p>Among the benefits that we can note with the use of this coconut oil are; boosts the immune system, is beneficial for the heart and brain, improves lipid levels, antioxidant, antifungal, very good for skin care, highly nutritious due to its contribution of vitamins and minerals, etc...<\/p>\n<p>This wonderful product is pure, one hundred percent natural, free of pesticides, it is widely used in foods, remedies or as a magnificent natural cosmetic.<\/p>","protected":false},"excerpt":{"rendered":"<p>Aceite de coco producido mediante la metodolog\u00eda conocido prensado en fr\u00edo, donde el coco fresco que se usa se somete a un proceso donde no hay cambios de la temperatura natural ni se da el uso de productos qu\u00edmicos, esto nos permite conservar conservar pr\u00e1cticamente \u00edntegros sus nutrientes y mantener sus propiedades intactas. Entre los [&hellip;]<\/p>","protected":false},"featured_media":2192,"template":"","meta":{"slim_seo":{"title":"Aceite de Coco Prensado en Fr\u00edo - La Casa del Ackee","description":"Aceite de coco producido mediante la metodolog\u00eda conocido prensado en fr\u00edo, donde el coco fresco que se usa se somete a un proceso donde no hay cambios de la te"}},"product_brand":[],"product_cat":[15],"product_tag":[],"class_list":{"0":"post-1075","1":"product","2":"type-product","3":"status-publish","4":"has-post-thumbnail","6":"product_cat-productos","8":"first","9":"instock","10":"shipping-taxable","11":"product-type-simple"},"_links":{"self":[{"href":"https:\/\/lacasadelackee.com\/en\/wp-json\/wp\/v2\/product\/1075","targetHints":{"allow":["GET"]}}],"collection":[{"href":"https:\/\/lacasadelackee.com\/en\/wp-json\/wp\/v2\/product"}],"about":[{"href":"https:\/\/lacasadelackee.com\/en\/wp-json\/wp\/v2\/types\/product"}],"version-history":[{"count":3,"href":"https:\/\/lacasadelackee.com\/en\/wp-json\/wp\/v2\/product\/1075\/revisions"}],"predecessor-version":[{"id":2253,"href":"https:\/\/lacasadelackee.com\/en\/wp-json\/wp\/v2\/product\/1075\/revisions\/2253"}],"wp:featuredmedia":[{"embeddable":true,"href":"https:\/\/lacasadelackee.com\/en\/wp-json\/wp\/v2\/media\/2192"}],"wp:attachment":[{"href":"https:\/\/lacasadelackee.com\/en\/wp-json\/wp\/v2\/media?parent=1075"}],"wp:term":[{"taxonomy":"product_brand","embeddable":true,"href":"https:\/\/lacasadelackee.com\/en\/wp-json\/wp\/v2\/product_brand?post=1075"},{"taxonomy":"product_cat","embeddable":true,"href":"https:\/\/lacasadelackee.com\/en\/wp-json\/wp\/v2\/product_cat?post=1075"},{"taxonomy":"product_tag","embeddable":true,"href":"https:\/\/lacasadelackee.com\/en\/wp-json\/wp\/v2\/product_tag?post=1075"}],"curies":[{"name":"wp","href":"https:\/\/api.w.org\/{rel}","templated":true}]}}