{"id":2236,"date":"2024-02-20T00:00:57","date_gmt":"2024-02-20T06:00:57","guid":{"rendered":"https:\/\/lacasadelackee.com\/?post_type=product&#038;p=2236"},"modified":"2024-02-20T17:12:56","modified_gmt":"2024-02-20T23:12:56","slug":"dip-de-ackee-copy","status":"publish","type":"product","link":"https:\/\/lacasadelackee.com\/en\/product\/dip-de-ackee-copy\/","title":{"rendered":"Ackee Dip"},"content":{"rendered":"<p>Ackee is a fruit used as a vegetable.<\/p>\n<p>It is a basic part of the diet in Jamaica.<\/p>\n<p>It is very nutritious, since it is a source of healthy fats, proteins, vitamins and minerals.<\/p>\n<p>It does not contain cholesterol or saturated fatty acids.<\/p>\n<p>It promotes many benefits for the human body: it helps control hypertension, it is a very good source of plant proteins, it strengthens bones, it promotes a healthy digestive system and, above all, it is a stimulant of the immune system.<\/p>\n<p>Ackee dip is a unique, artisanal formulation, with a very pleasant gourmet flavor. It can be consumed with crackers, bread, chips, patacones, or simply in combination with rice, meats, etc.<\/p>","protected":false},"excerpt":{"rendered":"<p>El ackee es una fruta utilizada como vegetal. Es una parte b\u00e1sica de la alimentaci\u00f3n en Jamaica. Es muy nutritiva, ya que es fuente de grasas saludables, de prote\u00ednas, de vitaminas y de minerales. No presenta colesterol ni \u00e1cidos grasos saturados. Promueve muchos beneficios para el cuerpo humano: ayuda a controlar la hipertensi\u00f3n, es muy [&hellip;]<\/p>","protected":false},"featured_media":2197,"template":"","meta":{"slim_seo":[]},"product_cat":[15],"product_tag":[],"class_list":{"0":"post-2236","1":"product","2":"type-product","3":"status-publish","4":"has-post-thumbnail","6":"product_cat-productos","8":"first","9":"instock","10":"shipping-taxable","11":"product-type-simple"},"_links":{"self":[{"href":"https:\/\/lacasadelackee.com\/en\/wp-json\/wp\/v2\/product\/2236","targetHints":{"allow":["GET"]}}],"collection":[{"href":"https:\/\/lacasadelackee.com\/en\/wp-json\/wp\/v2\/product"}],"about":[{"href":"https:\/\/lacasadelackee.com\/en\/wp-json\/wp\/v2\/types\/product"}],"version-history":[{"count":3,"href":"https:\/\/lacasadelackee.com\/en\/wp-json\/wp\/v2\/product\/2236\/revisions"}],"predecessor-version":[{"id":2271,"href":"https:\/\/lacasadelackee.com\/en\/wp-json\/wp\/v2\/product\/2236\/revisions\/2271"}],"wp:featuredmedia":[{"embeddable":true,"href":"https:\/\/lacasadelackee.com\/en\/wp-json\/wp\/v2\/media\/2197"}],"wp:attachment":[{"href":"https:\/\/lacasadelackee.com\/en\/wp-json\/wp\/v2\/media?parent=2236"}],"wp:term":[{"taxonomy":"product_cat","embeddable":true,"href":"https:\/\/lacasadelackee.com\/en\/wp-json\/wp\/v2\/product_cat?post=2236"},{"taxonomy":"product_tag","embeddable":true,"href":"https:\/\/lacasadelackee.com\/en\/wp-json\/wp\/v2\/product_tag?post=2236"}],"curies":[{"name":"wp","href":"https:\/\/api.w.org\/{rel}","templated":true}]}}