{"id":2313,"date":"2024-02-20T00:04:35","date_gmt":"2024-02-20T06:04:35","guid":{"rendered":"https:\/\/lacasadelackee.com\/?post_type=product&#038;p=2313"},"modified":"2024-02-26T02:25:28","modified_gmt":"2024-02-26T08:25:28","slug":"tabasco-criollo","status":"publish","type":"product","link":"https:\/\/lacasadelackee.com\/en\/product\/tabasco-criollo\/","title":{"rendered":"Creole Tabasco"},"content":{"rendered":"<p>Spicy sauce with a carrot base in a magnificent mix with Panamanian chili, vinegar, onion and cloves.<\/p>\n<p>It is a sauce designed with the idea of \u200b\u200bhighlighting the flavors of foods, which in addition to being very nutritious and healthy, is one hundred percent natural.<\/p>\n<p>Carrot provides you with vitamin A that helps improve eyesight, it is rich in phosphorus, an element that invigorates tired minds and bodies, relaxes nerves and anxiety, as well as stimulates the immune system.<\/p>\n<p>Banana vinegar provides essential elements for cardiovascular health such as potassium and magnesium.<\/p>\n<p>The health benefits are also given through the capsaicin that the Panamanian chili provides us, not to mention the clove that improves blood circulation as well as its antioxidant function among others such as its antimicrobial and antiseptic effects.<\/p>\n<p>Creole Tabasco, in addition to being healthy and natural, its flavor is among the Caribbean gourmet flavors.<\/p>\n<p>It has no preservatives or artificial colors. Completely handmade.<\/p>","protected":false},"excerpt":{"rendered":"<p>Salsa picante con una base de zanahoria en una magn\u00edfica mezcla con chile paname\u00f1o, vinagre, cebolla y clavo de olor. Es una salsa dise\u00f1ada con la idea de resaltar los sabores de las comidas, que adem\u00e1s de ser muy nutritiva y saludable, es cien por ciento natural. La zanahoria te brinda vitamina A que ayuda [&hellip;]<\/p>","protected":false},"featured_media":2397,"template":"","meta":{"slim_seo":{"title":"Tabasco Criollo - La Casa del Ackee","description":"Salsa picante con una base de zanahoria en una magn\u00edfica mezcla con chile paname\u00f1o, vinagre, cebolla y clavo de olor. Es una salsa dise\u00f1ada con la idea de resal"}},"product_brand":[],"product_cat":[15],"product_tag":[],"class_list":{"0":"post-2313","1":"product","2":"type-product","3":"status-publish","4":"has-post-thumbnail","6":"product_cat-productos","8":"first","9":"instock","10":"shipping-taxable","11":"product-type-simple"},"_links":{"self":[{"href":"https:\/\/lacasadelackee.com\/en\/wp-json\/wp\/v2\/product\/2313","targetHints":{"allow":["GET"]}}],"collection":[{"href":"https:\/\/lacasadelackee.com\/en\/wp-json\/wp\/v2\/product"}],"about":[{"href":"https:\/\/lacasadelackee.com\/en\/wp-json\/wp\/v2\/types\/product"}],"version-history":[{"count":1,"href":"https:\/\/lacasadelackee.com\/en\/wp-json\/wp\/v2\/product\/2313\/revisions"}],"predecessor-version":[{"id":2315,"href":"https:\/\/lacasadelackee.com\/en\/wp-json\/wp\/v2\/product\/2313\/revisions\/2315"}],"wp:featuredmedia":[{"embeddable":true,"href":"https:\/\/lacasadelackee.com\/en\/wp-json\/wp\/v2\/media\/2397"}],"wp:attachment":[{"href":"https:\/\/lacasadelackee.com\/en\/wp-json\/wp\/v2\/media?parent=2313"}],"wp:term":[{"taxonomy":"product_brand","embeddable":true,"href":"https:\/\/lacasadelackee.com\/en\/wp-json\/wp\/v2\/product_brand?post=2313"},{"taxonomy":"product_cat","embeddable":true,"href":"https:\/\/lacasadelackee.com\/en\/wp-json\/wp\/v2\/product_cat?post=2313"},{"taxonomy":"product_tag","embeddable":true,"href":"https:\/\/lacasadelackee.com\/en\/wp-json\/wp\/v2\/product_tag?post=2313"}],"curies":[{"name":"wp","href":"https:\/\/api.w.org\/{rel}","templated":true}]}}