{"id":1039,"date":"2024-02-20T00:03:01","date_gmt":"2024-02-20T06:03:01","guid":{"rendered":"https:\/\/lacasadelackee.com\/?post_type=product&#038;p=1039"},"modified":"2024-09-17T07:51:04","modified_gmt":"2024-09-17T13:51:04","slug":"banapica","status":"publish","type":"product","link":"https:\/\/lacasadelackee.com\/es\/product\/banapica\/","title":{"rendered":"Banapica (salsa picante de banano verde)"},"content":{"rendered":"<p>Fusi\u00f3n de dos productos muy caribe\u00f1os( banano verde y chile paname\u00f1o).<\/p>\n<p>El banano verde nos aporta gran cantidad de fibra que mejora la digesti\u00f3n, combate el estre\u00f1imiento, disminuye el colesterol alto, retrasa la absorci\u00f3n de az\u00facar, pero sobretodo nos ayuda en la salud vascular por el aporte de potasio.<\/p>\n<p>Por otro lado tenemos la capsaicina que aporta el chile, el cual nos beneficia por sus efectos analg\u00e9sicos, anti cancer\u00edgenos, antiflamatorios, antioxidantes y as\u00ed como los beneficios cardiovasculares e intestinales.<\/p>\n<p>Todos esos beneficios se ven m\u00e1s potenciados con los otros ingredientes que contiene esta maravillosa salsa picante como lo son: la c\u00farcuma, la pimienta negra, la canela, el jengibre, clavo de olor y el vinagre de banano, adem\u00e1s de la cebolla.<\/p>\n<p>Salsa picante de muy buen sabor gourmet que realza el sabor de las comidas.<\/p>\n<p>Es cien por ciento natural.<\/p>\n","protected":false},"excerpt":{"rendered":"<p>Fusi\u00f3n de dos productos muy caribe\u00f1os( banano verde y chile paname\u00f1o). El banano verde nos aporta gran cantidad de fibra que mejora la digesti\u00f3n, combate el estre\u00f1imiento, disminuye el colesterol alto, retrasa la absorci\u00f3n de az\u00facar, pero sobretodo nos ayuda en la salud vascular por el aporte de potasio. Por otro lado tenemos la capsaicina [&hellip;]<\/p>\n","protected":false},"featured_media":2195,"template":"","meta":{"slim_seo":[]},"product_cat":[15],"product_tag":[],"class_list":{"0":"post-1039","1":"product","2":"type-product","3":"status-publish","4":"has-post-thumbnail","6":"product_cat-productos","8":"first","9":"instock","10":"shipping-taxable","11":"product-type-simple"},"_links":{"self":[{"href":"https:\/\/lacasadelackee.com\/es\/wp-json\/wp\/v2\/product\/1039","targetHints":{"allow":["GET"]}}],"collection":[{"href":"https:\/\/lacasadelackee.com\/es\/wp-json\/wp\/v2\/product"}],"about":[{"href":"https:\/\/lacasadelackee.com\/es\/wp-json\/wp\/v2\/types\/product"}],"version-history":[{"count":3,"href":"https:\/\/lacasadelackee.com\/es\/wp-json\/wp\/v2\/product\/1039\/revisions"}],"predecessor-version":[{"id":2274,"href":"https:\/\/lacasadelackee.com\/es\/wp-json\/wp\/v2\/product\/1039\/revisions\/2274"}],"wp:featuredmedia":[{"embeddable":true,"href":"https:\/\/lacasadelackee.com\/es\/wp-json\/wp\/v2\/media\/2195"}],"wp:attachment":[{"href":"https:\/\/lacasadelackee.com\/es\/wp-json\/wp\/v2\/media?parent=1039"}],"wp:term":[{"taxonomy":"product_cat","embeddable":true,"href":"https:\/\/lacasadelackee.com\/es\/wp-json\/wp\/v2\/product_cat?post=1039"},{"taxonomy":"product_tag","embeddable":true,"href":"https:\/\/lacasadelackee.com\/es\/wp-json\/wp\/v2\/product_tag?post=1039"}],"curies":[{"name":"wp","href":"https:\/\/api.w.org\/{rel}","templated":true}]}}