{"id":1071,"date":"2024-02-20T00:08:00","date_gmt":"2024-02-20T06:08:00","guid":{"rendered":"https:\/\/lacasadelackee.com\/?post_type=product&#038;p=1071"},"modified":"2024-02-20T17:19:31","modified_gmt":"2024-02-20T23:19:31","slug":"banano-verde-en-escabeche","status":"publish","type":"product","link":"https:\/\/lacasadelackee.com\/es\/product\/banano-verde-en-escabeche\/","title":{"rendered":"Banano Verde En Escabeche"},"content":{"rendered":"<p>Deliciosas rodajas de banano verde que se consume como un acompa\u00f1ante de prote\u00ednas o simplemente como un snack.<\/p>\n<p>Es el resultado del cocimiento de banano verde en una rica soluci\u00f3n de ingredientes altamente beneficiosos tales como, vinagre de banano, chile paname\u00f1o, pimienta negra, c\u00farcuma, canela, jenjibre en polvo y perejil; todos de alto valor nutritivo y beneficiosos para la salud.<\/p>\n<p>El banano verde es rico en fibra que mejora la digesti\u00f3n, combate el estre\u00f1imiento, disminuye las grasas como el colesterol y los triglic\u00e9ridos, retrasa la absorci\u00f3n de az\u00facares, aporta potasio mejorando la salud vascular.<\/p>\n<p>Todos esos beneficios se ven potenciados por los aportes de la c\u00farcuma, la pimienta negra, la canela, el jengibre y el vinagre de banano; son antioxidantes antiinflamatorios, antimicrobianos etc\u2026<\/p>\n<p>Adem\u00e1s de los aportes de vitaminas y minerales que impulsan el sistema inmunol\u00f3gico, esto sin olvidarnos que constituye una fuente de absorci\u00f3n de hierro previniendo la anemia entre otros muchos beneficios.<\/p>\n<p>Este producto, 100 por ciento natural, ex\u00f3tico, es una muy \u00fatil alternativa de una alimentaci\u00f3n sana con gran sabor gourmet y de muchos beneficios.<\/p>\n<p>No tiene preservantes ni colorantes artificiales.<\/p>\n","protected":false},"excerpt":{"rendered":"<p>Deliciosas rodajas de banano verde que se consume como un acompa\u00f1ante de prote\u00ednas o simplemente como un snack. Es el resultado del cocimiento de banano verde en una rica soluci\u00f3n de ingredientes altamente beneficiosos tales como, vinagre de banano, chile paname\u00f1o, pimienta negra, c\u00farcuma, canela, jenjibre en polvo y perejil; todos de alto valor nutritivo [&hellip;]<\/p>\n","protected":false},"featured_media":2194,"template":"","meta":{"slim_seo":[]},"product_cat":[15],"product_tag":[],"class_list":{"0":"post-1071","1":"product","2":"type-product","3":"status-publish","4":"has-post-thumbnail","6":"product_cat-productos","8":"first","9":"instock","10":"shipping-taxable","11":"product-type-simple"},"_links":{"self":[{"href":"https:\/\/lacasadelackee.com\/es\/wp-json\/wp\/v2\/product\/1071","targetHints":{"allow":["GET"]}}],"collection":[{"href":"https:\/\/lacasadelackee.com\/es\/wp-json\/wp\/v2\/product"}],"about":[{"href":"https:\/\/lacasadelackee.com\/es\/wp-json\/wp\/v2\/types\/product"}],"version-history":[{"count":3,"href":"https:\/\/lacasadelackee.com\/es\/wp-json\/wp\/v2\/product\/1071\/revisions"}],"predecessor-version":[{"id":2272,"href":"https:\/\/lacasadelackee.com\/es\/wp-json\/wp\/v2\/product\/1071\/revisions\/2272"}],"wp:featuredmedia":[{"embeddable":true,"href":"https:\/\/lacasadelackee.com\/es\/wp-json\/wp\/v2\/media\/2194"}],"wp:attachment":[{"href":"https:\/\/lacasadelackee.com\/es\/wp-json\/wp\/v2\/media?parent=1071"}],"wp:term":[{"taxonomy":"product_cat","embeddable":true,"href":"https:\/\/lacasadelackee.com\/es\/wp-json\/wp\/v2\/product_cat?post=1071"},{"taxonomy":"product_tag","embeddable":true,"href":"https:\/\/lacasadelackee.com\/es\/wp-json\/wp\/v2\/product_tag?post=1071"}],"curies":[{"name":"wp","href":"https:\/\/api.w.org\/{rel}","templated":true}]}}