{"id":1073,"date":"2024-02-20T00:02:13","date_gmt":"2024-02-20T06:02:13","guid":{"rendered":"https:\/\/lacasadelackee.com\/?post_type=product&#038;p=1073"},"modified":"2024-02-20T17:00:56","modified_gmt":"2024-02-20T23:00:56","slug":"mermelada-de-platano","status":"publish","type":"product","link":"https:\/\/lacasadelackee.com\/es\/product\/mermelada-de-platano\/","title":{"rendered":"Mermelada de Pl\u00e1tano"},"content":{"rendered":"<p>Esta sabrosa, nutritiva y saludable mermelada, se convierte en una muy buena alternativa de obtener energ\u00eda en forma r\u00e1pida.<\/p>\n<p>La mermelada de pl\u00e1tano maduro est\u00e1 hecha mayoritariamente de la fruta en s\u00ed, con agregados en peque\u00f1as cantidades de panela ( az\u00facar cruda), canela, y clavo de olor.<\/p>\n<p>El pl\u00e1tano es una fuente rica en fibra, vitaminas A, B6,C, minerales como potasio y magnesio.<\/p>\n<p>Promueve la salud del coraz\u00f3n, disminuye el colesterol y los triglic\u00e9ridos, impulsa el sistema inmunol\u00f3gico, ayuda mucho en el sistema digestivo y bajo en calor\u00edas.<\/p>\n<p>A estos se suman los beneficios de la canela como lo son,favorecer la digesti\u00f3n, ayudar a controlar la glicemia, antiflamatorio, antioxidante, y sus propiedades depurativos absorbiendo grasas como el colesterol y triglic\u00e9ridos.<\/p>\n<p>Por otro lado el clavo de olor proporciona una mejor circulaci\u00f3n sangu\u00ednea, es antioxidante, antimicrobiano y antis\u00e9ptica.<\/p>\n<p>Tambi\u00e9n la panela aporta beneficios al ser rica en vitaminas A,B,C,D, y E, minerales como manganeso, zinc, magnesio, f\u00f3sforo, calcio y hierro que combate la anemia.<\/p>\n<p>Esta deliciosa mermelada gourmet de pl\u00e1tano maduro se convierte as\u00ed en un muy buen aliado de la salud, es 100% natural, no contiene preservantes ni colorantes artificiales y es un producto bajo en az\u00facar a\u00f1adida.<\/p>\n","protected":false},"excerpt":{"rendered":"<p>Esta sabrosa, nutritiva y saludable mermelada, se convierte en una muy buena alternativa de obtener energ\u00eda en forma r\u00e1pida. La mermelada de pl\u00e1tano maduro est\u00e1 hecha mayoritariamente de la fruta en s\u00ed, con agregados en peque\u00f1as cantidades de panela ( az\u00facar cruda), canela, y clavo de olor. El pl\u00e1tano es una fuente rica en fibra, [&hellip;]<\/p>\n","protected":false},"featured_media":2199,"template":"","meta":{"slim_seo":{"title":"Mermelada de Pl\u00e1tano - La Casa del Ackee","description":"Esta sabrosa, nutritiva y saludable mermelada, se convierte en una muy buena alternativa de obtener energ\u00eda en forma r\u00e1pida. La mermelada de pl\u00e1tano maduro est\u00e1"}},"product_brand":[],"product_cat":[15],"product_tag":[],"class_list":{"0":"post-1073","1":"product","2":"type-product","3":"status-publish","4":"has-post-thumbnail","6":"product_cat-productos","8":"first","9":"instock","10":"shipping-taxable","11":"product-type-simple"},"_links":{"self":[{"href":"https:\/\/lacasadelackee.com\/es\/wp-json\/wp\/v2\/product\/1073","targetHints":{"allow":["GET"]}}],"collection":[{"href":"https:\/\/lacasadelackee.com\/es\/wp-json\/wp\/v2\/product"}],"about":[{"href":"https:\/\/lacasadelackee.com\/es\/wp-json\/wp\/v2\/types\/product"}],"version-history":[{"count":4,"href":"https:\/\/lacasadelackee.com\/es\/wp-json\/wp\/v2\/product\/1073\/revisions"}],"predecessor-version":[{"id":2264,"href":"https:\/\/lacasadelackee.com\/es\/wp-json\/wp\/v2\/product\/1073\/revisions\/2264"}],"wp:featuredmedia":[{"embeddable":true,"href":"https:\/\/lacasadelackee.com\/es\/wp-json\/wp\/v2\/media\/2199"}],"wp:attachment":[{"href":"https:\/\/lacasadelackee.com\/es\/wp-json\/wp\/v2\/media?parent=1073"}],"wp:term":[{"taxonomy":"product_brand","embeddable":true,"href":"https:\/\/lacasadelackee.com\/es\/wp-json\/wp\/v2\/product_brand?post=1073"},{"taxonomy":"product_cat","embeddable":true,"href":"https:\/\/lacasadelackee.com\/es\/wp-json\/wp\/v2\/product_cat?post=1073"},{"taxonomy":"product_tag","embeddable":true,"href":"https:\/\/lacasadelackee.com\/es\/wp-json\/wp\/v2\/product_tag?post=1073"}],"curies":[{"name":"wp","href":"https:\/\/api.w.org\/{rel}","templated":true}]}}