{"id":1075,"date":"2024-02-20T00:10:51","date_gmt":"2024-02-20T06:10:51","guid":{"rendered":"https:\/\/lacasadelackee.com\/?post_type=product&#038;p=1075"},"modified":"2024-02-20T16:55:14","modified_gmt":"2024-02-20T22:55:14","slug":"aceite-de-coco-prensado-en-frio","status":"publish","type":"product","link":"https:\/\/lacasadelackee.com\/es\/product\/aceite-de-coco-prensado-en-frio\/","title":{"rendered":"Aceite de Coco Prensado en Fr\u00edo"},"content":{"rendered":"<p>Aceite de coco producido mediante la metodolog\u00eda conocido prensado en fr\u00edo, donde el coco fresco que se usa se somete a un proceso donde no hay cambios de la temperatura natural ni se da el uso de productos qu\u00edmicos, esto nos permite conservar conservar pr\u00e1cticamente \u00edntegros sus nutrientes y mantener sus propiedades intactas.<\/p>\n<p>Entre los beneficios que podemos anotar con el uso de este aceite de coco est\u00e1n; impulsa el sistema inmunol\u00f3gico, ser beneficioso para el coraz\u00f3n y el cerebro, mejora el nivel de l\u00edpidos, antioxidante, antif\u00fangico, muy bueno para el cuidado de la piel, altamente nutritiva por su aporte de vitaminas y minerales, etc\u2026<\/p>\n<p>Este maravilloso producto es puro, cien por ciento natural, libre de pesticidas, es de amplio uso, comidas, remedios o c\u00f3mo un magn\u00edfico cosm\u00e9tico natural.<\/p>\n","protected":false},"excerpt":{"rendered":"<p>Aceite de coco producido mediante la metodolog\u00eda conocido prensado en fr\u00edo, donde el coco fresco que se usa se somete a un proceso donde no hay cambios de la temperatura natural ni se da el uso de productos qu\u00edmicos, esto nos permite conservar conservar pr\u00e1cticamente \u00edntegros sus nutrientes y mantener sus propiedades intactas. Entre los [&hellip;]<\/p>\n","protected":false},"featured_media":2192,"template":"","meta":{"slim_seo":[]},"product_cat":[15],"product_tag":[],"class_list":{"0":"post-1075","1":"product","2":"type-product","3":"status-publish","4":"has-post-thumbnail","6":"product_cat-productos","8":"first","9":"instock","10":"shipping-taxable","11":"product-type-simple"},"_links":{"self":[{"href":"https:\/\/lacasadelackee.com\/es\/wp-json\/wp\/v2\/product\/1075","targetHints":{"allow":["GET"]}}],"collection":[{"href":"https:\/\/lacasadelackee.com\/es\/wp-json\/wp\/v2\/product"}],"about":[{"href":"https:\/\/lacasadelackee.com\/es\/wp-json\/wp\/v2\/types\/product"}],"version-history":[{"count":3,"href":"https:\/\/lacasadelackee.com\/es\/wp-json\/wp\/v2\/product\/1075\/revisions"}],"predecessor-version":[{"id":2253,"href":"https:\/\/lacasadelackee.com\/es\/wp-json\/wp\/v2\/product\/1075\/revisions\/2253"}],"wp:featuredmedia":[{"embeddable":true,"href":"https:\/\/lacasadelackee.com\/es\/wp-json\/wp\/v2\/media\/2192"}],"wp:attachment":[{"href":"https:\/\/lacasadelackee.com\/es\/wp-json\/wp\/v2\/media?parent=1075"}],"wp:term":[{"taxonomy":"product_cat","embeddable":true,"href":"https:\/\/lacasadelackee.com\/es\/wp-json\/wp\/v2\/product_cat?post=1075"},{"taxonomy":"product_tag","embeddable":true,"href":"https:\/\/lacasadelackee.com\/es\/wp-json\/wp\/v2\/product_tag?post=1075"}],"curies":[{"name":"wp","href":"https:\/\/api.w.org\/{rel}","templated":true}]}}