{"id":2313,"date":"2024-02-20T00:04:35","date_gmt":"2024-02-20T06:04:35","guid":{"rendered":"https:\/\/lacasadelackee.com\/?post_type=product&#038;p=2313"},"modified":"2024-02-26T02:25:28","modified_gmt":"2024-02-26T08:25:28","slug":"tabasco-criollo","status":"publish","type":"product","link":"https:\/\/lacasadelackee.com\/es\/product\/tabasco-criollo\/","title":{"rendered":"Tabasco Criollo"},"content":{"rendered":"<p>Salsa picante con una base de zanahoria en una magn\u00edfica mezcla con chile paname\u00f1o, vinagre, cebolla y clavo de olor.<\/p>\n<p>Es una salsa dise\u00f1ada con la idea de resaltar los sabores de las comidas, que adem\u00e1s de ser muy nutritiva y saludable, es cien por ciento natural.<\/p>\n<p>La zanahoria te brinda vitamina A que ayuda a mejorar la vista, es rica en f\u00f3sforo, elemento que vigoriza las mentes y cuerpos cansados, relaja los nervios y la ansiedad, as\u00ed como estimula el sistema inmunol\u00f3gico.<\/p>\n<p>El vinagre de banano aporta elementos esenciales para la salud cardiovascular como lo son el potasio y el magnesio.<\/p>\n<p>Los beneficios de salud tambi\u00e9n est\u00e1n dados atravez de la capsaicina que nos aporta el chile paname\u00f1o, y ni hablar del clavo de olor que mejora la circulaci\u00f3n sangu\u00ednea as\u00ed como, su funci\u00f3n de antioxidante entre otros como lo son sus efectos antimicrobianos y antis\u00e9pticos.<\/p>\n<p>El Tabasco criollo, adem\u00e1s de ser saludable y natural, su sabor est\u00e1 entre los sabores gourmet caribe\u00f1os.<\/p>\n<p>No tiene preservantes ni colores artificiales. De fabricaci\u00f3n completamente artesanal.<\/p>\n","protected":false},"excerpt":{"rendered":"<p>Salsa picante con una base de zanahoria en una magn\u00edfica mezcla con chile paname\u00f1o, vinagre, cebolla y clavo de olor. Es una salsa dise\u00f1ada con la idea de resaltar los sabores de las comidas, que adem\u00e1s de ser muy nutritiva y saludable, es cien por ciento natural. La zanahoria te brinda vitamina A que ayuda [&hellip;]<\/p>\n","protected":false},"featured_media":2397,"template":"","meta":{"slim_seo":{"title":"Tabasco Criollo - La Casa del Ackee","description":"Salsa picante con una base de zanahoria en una magn\u00edfica mezcla con chile paname\u00f1o, vinagre, cebolla y clavo de olor. Es una salsa dise\u00f1ada con la idea de resal"}},"product_brand":[],"product_cat":[15],"product_tag":[],"class_list":{"0":"post-2313","1":"product","2":"type-product","3":"status-publish","4":"has-post-thumbnail","6":"product_cat-productos","8":"first","9":"instock","10":"shipping-taxable","11":"product-type-simple"},"_links":{"self":[{"href":"https:\/\/lacasadelackee.com\/es\/wp-json\/wp\/v2\/product\/2313","targetHints":{"allow":["GET"]}}],"collection":[{"href":"https:\/\/lacasadelackee.com\/es\/wp-json\/wp\/v2\/product"}],"about":[{"href":"https:\/\/lacasadelackee.com\/es\/wp-json\/wp\/v2\/types\/product"}],"version-history":[{"count":1,"href":"https:\/\/lacasadelackee.com\/es\/wp-json\/wp\/v2\/product\/2313\/revisions"}],"predecessor-version":[{"id":2315,"href":"https:\/\/lacasadelackee.com\/es\/wp-json\/wp\/v2\/product\/2313\/revisions\/2315"}],"wp:featuredmedia":[{"embeddable":true,"href":"https:\/\/lacasadelackee.com\/es\/wp-json\/wp\/v2\/media\/2397"}],"wp:attachment":[{"href":"https:\/\/lacasadelackee.com\/es\/wp-json\/wp\/v2\/media?parent=2313"}],"wp:term":[{"taxonomy":"product_brand","embeddable":true,"href":"https:\/\/lacasadelackee.com\/es\/wp-json\/wp\/v2\/product_brand?post=2313"},{"taxonomy":"product_cat","embeddable":true,"href":"https:\/\/lacasadelackee.com\/es\/wp-json\/wp\/v2\/product_cat?post=2313"},{"taxonomy":"product_tag","embeddable":true,"href":"https:\/\/lacasadelackee.com\/es\/wp-json\/wp\/v2\/product_tag?post=2313"}],"curies":[{"name":"wp","href":"https:\/\/api.w.org\/{rel}","templated":true}]}}