{"id":2319,"date":"2024-02-20T00:06:53","date_gmt":"2024-02-20T06:06:53","guid":{"rendered":"https:\/\/lacasadelackee.com\/?post_type=product&#038;p=2319"},"modified":"2024-09-17T07:53:51","modified_gmt":"2024-09-17T13:53:51","slug":"manihot-salsa-picante-de-yuca","status":"publish","type":"product","link":"https:\/\/lacasadelackee.com\/es\/product\/manihot-salsa-picante-de-yuca\/","title":{"rendered":"Manihot (salsa picante de yuca)"},"content":{"rendered":"<p>Es una muy buena combinaci\u00f3n de dos productos ampliamente usados en el Caribe: la yuca y el chile paname\u00f1o( especi\u00e9 de habanero).<\/p>\n<p>En esta combinaci\u00f3n la yuca aporta muy buenas cantidades de vitamina C y B1, as\u00ed como magnesio y potasio, adem\u00e1s aporta almid\u00f3n resistente, la cual contribuye a mejorar la salud intestinal as\u00ed como es de gran ayuda en el sistema inmunol\u00f3gico.<\/p>\n<p>Mientras que el chile es fuente de capsaicina, muy beneficiosa para el cuerpo humano al ser analg\u00e9sico, antioxidante, anti-cancer\u00edgeno, antiinflamatorio, entre otros, pero adem\u00e1s es bueno para el sistema cardiovascular y gastrointestinal.<\/p>\n<p>Esta deliciosa salsa picante contiene otros ingredientes beneficios como: vinagre de banano, c\u00farcuma, pimienta negra, canela, jengibre y clavo de olor.<\/p>\n<p>Esta salsa adem\u00e1s de saludable y sabrosa, fue dise\u00f1ada para realzar las comidas.<\/p>\n<p>Es artesanal, gourmet, libre de de preservantes artificiales, colorantes artificiales, o sabores artificiales.<\/p>\n<p>Completamente natural.<\/p>\n","protected":false},"excerpt":{"rendered":"<p>Es una muy buena combinaci\u00f3n de dos productos ampliamente usados en el Caribe: la yuca y el chile paname\u00f1o( especi\u00e9 de habanero). En esta combinaci\u00f3n la yuca aporta muy buenas cantidades de vitamina C y B1, as\u00ed como magnesio y potasio, adem\u00e1s aporta almid\u00f3n resistente, la cual contribuye a mejorar la salud intestinal as\u00ed como [&hellip;]<\/p>\n","protected":false},"featured_media":2320,"template":"","meta":{"slim_seo":[]},"product_cat":[15],"product_tag":[],"class_list":{"0":"post-2319","1":"product","2":"type-product","3":"status-publish","4":"has-post-thumbnail","6":"product_cat-productos","8":"first","9":"instock","10":"shipping-taxable","11":"product-type-simple"},"_links":{"self":[{"href":"https:\/\/lacasadelackee.com\/es\/wp-json\/wp\/v2\/product\/2319","targetHints":{"allow":["GET"]}}],"collection":[{"href":"https:\/\/lacasadelackee.com\/es\/wp-json\/wp\/v2\/product"}],"about":[{"href":"https:\/\/lacasadelackee.com\/es\/wp-json\/wp\/v2\/types\/product"}],"version-history":[{"count":2,"href":"https:\/\/lacasadelackee.com\/es\/wp-json\/wp\/v2\/product\/2319\/revisions"}],"predecessor-version":[{"id":2569,"href":"https:\/\/lacasadelackee.com\/es\/wp-json\/wp\/v2\/product\/2319\/revisions\/2569"}],"wp:featuredmedia":[{"embeddable":true,"href":"https:\/\/lacasadelackee.com\/es\/wp-json\/wp\/v2\/media\/2320"}],"wp:attachment":[{"href":"https:\/\/lacasadelackee.com\/es\/wp-json\/wp\/v2\/media?parent=2319"}],"wp:term":[{"taxonomy":"product_cat","embeddable":true,"href":"https:\/\/lacasadelackee.com\/es\/wp-json\/wp\/v2\/product_cat?post=2319"},{"taxonomy":"product_tag","embeddable":true,"href":"https:\/\/lacasadelackee.com\/es\/wp-json\/wp\/v2\/product_tag?post=2319"}],"curies":[{"name":"wp","href":"https:\/\/api.w.org\/{rel}","templated":true}]}}